{"id":4400,"date":"2021-10-12T15:51:09","date_gmt":"2021-10-12T15:51:09","guid":{"rendered":"http:\/\/dummy.xtemos.com\/woodmart2\/elementor\/?page_id=4400"},"modified":"2026-02-02T15:25:08","modified_gmt":"2026-02-02T12:25:08","slug":"about-us-3","status":"publish","type":"page","link":"https:\/\/klimera.com.tr\/?page_id=4400","title":{"rendered":"Hakk\u0131m\u0131zda"},"content":{"rendered":"\t\t<div data-elementor-type=\"wp-page\" data-elementor-id=\"4400\" class=\"elementor elementor-4400\">\n\t\t\t\t<div class=\"elementor-element elementor-element-d11bba7 e-con-full e-flex e-con e-parent\" data-id=\"d11bba7\" data-element_type=\"container\">\n\t\t<div class=\"elementor-element elementor-element-6b6e081 e-con-full e-flex e-con e-child\" data-id=\"6b6e081\" data-element_type=\"container\">\n\t\t\t\t<div class=\"elementor-element elementor-element-d6f7c2d elementor-widget elementor-widget-image\" data-id=\"d6f7c2d\" data-element_type=\"widget\" data-widget_type=\"image.default\">\n\t\t\t\t\t\t\t\t\t\t\t\t\t\t\t<img loading=\"lazy\" decoding=\"async\" width=\"1454\" height=\"1322\" src=\"https:\/\/klimera.com.tr\/wp-content\/uploads\/2026\/02\/biz-kimiz.jpg\" class=\"attachment-full size-full wp-image-29249\" alt=\"\" srcset=\"https:\/\/klimera.com.tr\/wp-content\/uploads\/2026\/02\/biz-kimiz.jpg 1454w, https:\/\/klimera.com.tr\/wp-content\/uploads\/2026\/02\/biz-kimiz-330x300.jpg 330w, https:\/\/klimera.com.tr\/wp-content\/uploads\/2026\/02\/biz-kimiz-880x800.jpg 880w, https:\/\/klimera.com.tr\/wp-content\/uploads\/2026\/02\/biz-kimiz-768x698.jpg 768w\" sizes=\"auto, (max-width: 1454px) 100vw, 1454px\" \/>\t\t\t\t\t\t\t\t\t\t\t\t\t\t\t<\/div>\n\t\t\t\t<\/div>\n\t\t<div class=\"elementor-element elementor-element-7022a99 e-con-full e-flex e-con e-child\" data-id=\"7022a99\" data-element_type=\"container\">\n\t\t\t\t<div class=\"elementor-element elementor-element-a666f00 wd-width-100 elementor-widget elementor-widget-wd_title\" data-id=\"a666f00\" data-element_type=\"widget\" data-widget_type=\"wd_title.default\">\n\t\t\t\t<div class=\"elementor-widget-container\">\n\t\t\t\t\t\t\t<div class=\"title-wrapper wd-set-mb reset-last-child wd-title-color-primary wd-title-style-default wd-title-size-large text-left\">\n\n\t\t\t\t\t\t\t\t\t\t\t<div class=\"title-subtitle subtitle-color-primary subtitle-style-default wd-fontsize-xs\">\n\t\t\t\t\tKlimera | Daikin Vrv Klima Gaziantep\t\t\t\t<\/div>\n\t\t\t\n\t\t\t<div class=\"liner-continer\">\n\t\t\t\t<h4 class=\"woodmart-title-container title wd-fontsize-xxl\">Biz Kimiz?<\/h4> \n\t\t\t\t\t\t\t<\/div>\n\n\t\t\t\t\t<\/div>\n\t\t\t\t\t\t<\/div>\n\t\t\t\t<\/div>\n\t\t\t\t<div class=\"elementor-element elementor-element-6578bd6 elementor-widget elementor-widget-wd_text_block\" data-id=\"6578bd6\" data-element_type=\"widget\" data-widget_type=\"wd_text_block.default\">\n\t\t\t\t<div class=\"elementor-widget-container\">\n\t\t\t\t\t\t\t<div class=\"wd-text-block reset-last-child text-left\">\n\t\t\t\n\t\t\t<p><b>Klimera<\/b><span style=\"font-weight: 400;\">, 2013 y\u0131l\u0131nda iklimlendirme sekt\u00f6r\u00fcnde standartlar\u0131 yeniden belirlemek, mekanlara konfor ve verimlilik katmak amac\u0131yla kurulmu\u015ftur. Kurulu\u015fumuzdan bug\u00fcne; \u0131s\u0131tma, so\u011futma, havaland\u0131rma ve merkezi klima sistemleri alan\u0131nda m\u00fchendislik disipliniyle harmanlanm\u0131\u015f profesyonel \u00e7\u00f6z\u00fcmler sunmaktay\u0131z.<\/span><\/p>\n\t\t\t\t\t<\/div>\n\t\t\t\t\t\t<\/div>\n\t\t\t\t<\/div>\n\t\t\t\t<div class=\"elementor-element elementor-element-a63d40c color-scheme-inherit text-left elementor-widget elementor-widget-text-editor\" data-id=\"a63d40c\" data-element_type=\"widget\" data-widget_type=\"text-editor.default\">\n\t\t\t\t\t\t\t\t\t<p><b>Vizyonumuz;<\/b><span style=\"font-weight: 400;\"> Yurt i\u00e7indeki t\u00fcm yat\u0131r\u0131mc\u0131lara d\u00fcnya standartlar\u0131nda, \u00e7evreci ve y\u00fcksek enerji tasarrufu sa\u011flayan \u00e7\u00f6z\u00fcmler sunarak sekt\u00f6rde yeniliklerin \u00f6nc\u00fcs\u00fc olmakt\u0131r. Ko\u015fulsuz m\u00fc\u015fteri memnuniyeti ilkesiyle, projelerinizi g\u00fcvenle teslim edebilece\u011finiz bir \u00e7\u00f6z\u00fcm orta\u011f\u0131 olmaktan gurur duyuyoruz.<\/span><\/p><p><b>Misyonumuz; <\/b><span style=\"font-weight: 400;\">\u0130leri m\u00fchendislik tekniklerini d\u00fcnya devi markalar\u0131n teknolojileriyle birle\u015ftirerek; bireysel ve kurumsal t\u00fcm ya\u015fam alanlar\u0131 i\u00e7in en verimli, \u00e7evre dostu ve s\u00fcrd\u00fcr\u00fclebilir iklimlendirme \u00e7\u00f6z\u00fcmlerini \u00fcretmek. M\u00fc\u015fterilerimizin ya\u015fam kalitesini art\u0131r\u0131rken, enerji verimlili\u011fini oda\u011f\u0131m\u0131zda tutarak sekt\u00f6re de\u011fer katmak temel sebebimizdir.<\/span><\/p><p><b>Klimera ile her mevsim sizin kontrol\u00fcn\u00fczde.<\/b><\/p>\t\t\t\t\t\t\t\t<\/div>\n\t\t\t\t<div class=\"elementor-element elementor-element-d5f21e2 elementor-widget elementor-widget-wd_button\" data-id=\"d5f21e2\" data-element_type=\"widget\" data-widget_type=\"wd_button.default\">\n\t\t\t\t<div class=\"elementor-widget-container\">\n\t\t\t\t\t\t\t<div class=\"wd-button-wrapper text-left\" >\n\t\t\t<a class=\"btn btn-style-default btn-shape-rectangle btn-size-default btn-icon-pos-right\"  href=\"https:\/\/klimera.com.tr\/?page_id=4400\">\n\t\t\t\t<span class=\"wd-btn-text\" data-elementor-setting-key=\"text\">\n\t\t\t\t\tDevam\u0131n\u0131 Oku\t\t\t\t<\/span>\n\n\t\t\t\t\t\t\t<\/a>\n\t\t<\/div>\n\t\t\t\t\t\t<\/div>\n\t\t\t\t<\/div>\n\t\t\t\t<\/div>\n\t\t\t\t<\/div>\n\t\t<div class=\"wd-negative-gap elementor-element elementor-element-0aaf669 wd-section-stretch e-flex e-con-boxed e-con e-parent\" data-id=\"0aaf669\" data-element_type=\"container\" data-settings=\"{&quot;background_background&quot;:&quot;classic&quot;}\">\n\t\t\t\t\t<div class=\"e-con-inner\">\n\t\t<div class=\"elementor-element elementor-element-49529c7 color-scheme-light e-con-full e-flex e-con e-child\" data-id=\"49529c7\" data-element_type=\"container\">\n\t\t\t\t<div class=\"elementor-element elementor-element-dbd8980 wd-width-100 elementor-widget elementor-widget-wd_title\" data-id=\"dbd8980\" data-element_type=\"widget\" data-widget_type=\"wd_title.default\">\n\t\t\t\t<div class=\"elementor-widget-container\">\n\t\t\t\t\t\t\t<div class=\"title-wrapper wd-set-mb reset-last-child wd-title-color-primary wd-title-style-default wd-title-size-large text-left\">\n\n\t\t\t\n\t\t\t<div class=\"liner-continer\">\n\t\t\t\t<h4 class=\"woodmart-title-container title wd-fontsize-xxl\">Klimera<\/h4> \n\t\t\t\t\t\t\t<\/div>\n\n\t\t\t\t\t<\/div>\n\t\t\t\t\t\t<\/div>\n\t\t\t\t<\/div>\n\t\t\t\t<div class=\"elementor-element elementor-element-34ba9bc elementor-widget elementor-widget-wd_button\" data-id=\"34ba9bc\" data-element_type=\"widget\" data-widget_type=\"wd_button.default\">\n\t\t\t\t<div class=\"elementor-widget-container\">\n\t\t\t\t\t\t\t<div class=\"wd-button-wrapper text-left\" >\n\t\t\t<a class=\"btn btn-style-default btn-shape-rectangle btn-size-default btn-icon-pos-right\"  href=\"https:\/\/klimera.com.tr\/?page_id=4439\">\n\t\t\t\t<span class=\"wd-btn-text\" data-elementor-setting-key=\"text\">\n\t\t\t\t\t\u0130leti\u015fim\t\t\t\t<\/span>\n\n\t\t\t\t\t\t\t<\/a>\n\t\t<\/div>\n\t\t\t\t\t\t<\/div>\n\t\t\t\t<\/div>\n\t\t\t\t<\/div>\n\t\t<div class=\"elementor-element elementor-element-112f98a e-con-full e-flex e-con e-child\" data-id=\"112f98a\" data-element_type=\"container\">\n\t\t<div class=\"elementor-element elementor-element-48c7dd1 e-con-full e-flex e-con e-child\" data-id=\"48c7dd1\" data-element_type=\"container\">\n\t\t<div class=\"elementor-element elementor-element-54eb2d3 e-con-full e-flex e-con e-child\" data-id=\"54eb2d3\" data-element_type=\"container\">\n\t\t\t\t<div class=\"elementor-element elementor-element-14ff076 elementor-widget elementor-widget-wd_counter\" data-id=\"14ff076\" data-element_type=\"widget\" data-widget_type=\"wd_counter.default\">\n\t\t\t\t<div class=\"elementor-widget-container\">\n\t\t\t\t\t\t\t<div class=\"woodmart-counter counter-large text-center color-scheme-custom\">\n\t\t\t<div class=\"counter-value\" data-state=\"new\" data-final=\"2013\">\n\t\t\t\t0\t\t\t<\/div>\n\n\t\t\t\t\t\t\t<div class=\"counter-label\">\n\t\t\t\t\tKurulu\u015f Y\u0131l\u0131\t\t\t\t<\/div>\n\t\t\t\t\t<\/div>\n\t\t\t\t\t\t<\/div>\n\t\t\t\t<\/div>\n\t\t\t\t<\/div>\n\t\t<div class=\"elementor-element elementor-element-668ca24 e-con-full e-flex e-con e-child\" data-id=\"668ca24\" data-element_type=\"container\">\n\t\t\t\t<div class=\"elementor-element elementor-element-6715a4a elementor-widget elementor-widget-wd_counter\" data-id=\"6715a4a\" data-element_type=\"widget\" data-widget_type=\"wd_counter.default\">\n\t\t\t\t<div class=\"elementor-widget-container\">\n\t\t\t\t\t\t\t<div class=\"woodmart-counter counter-large text-center color-scheme-custom\">\n\t\t\t<div class=\"counter-value\" data-state=\"new\" data-final=\"14000\">\n\t\t\t\t0\t\t\t<\/div>\n\n\t\t\t\t\t\t\t<div class=\"counter-label\">\n\t\t\t\t\tMutlu M\u00fc\u015fteri\t\t\t\t<\/div>\n\t\t\t\t\t<\/div>\n\t\t\t\t\t\t<\/div>\n\t\t\t\t<\/div>\n\t\t\t\t<\/div>\n\t\t\t\t<\/div>\n\t\t<div class=\"elementor-element elementor-element-2d29667 e-con-full e-flex e-con e-child\" data-id=\"2d29667\" data-element_type=\"container\">\n\t\t\t\t<\/div>\n\t\t\t\t<\/div>\n\t\t\t\t\t<\/div>\n\t\t\t\t<\/div>\n\t\t<div class=\"wd-negative-gap elementor-element elementor-element-0cceedc e-flex e-con-boxed e-con e-parent\" data-id=\"0cceedc\" data-element_type=\"container\">\n\t\t\t\t\t<div class=\"e-con-inner\">\n\t\t<div class=\"elementor-element elementor-element-88567f8 e-con-full e-flex e-con e-child\" data-id=\"88567f8\" data-element_type=\"container\">\n\t\t\t\t<div class=\"elementor-element elementor-element-cdde54b elementor-widget elementor-widget-image\" data-id=\"cdde54b\" data-element_type=\"widget\" data-widget_type=\"image.default\">\n\t\t\t\t\t\t\t\t\t\t\t\t\t\t\t<img loading=\"lazy\" decoding=\"async\" width=\"1300\" height=\"731\" src=\"https:\/\/klimera.com.tr\/wp-content\/uploads\/2026\/02\/1080-1920-1300x731.jpg\" class=\"attachment-large size-large wp-image-29256\" alt=\"\" srcset=\"https:\/\/klimera.com.tr\/wp-content\/uploads\/2026\/02\/1080-1920-1300x731.jpg 1300w, https:\/\/klimera.com.tr\/wp-content\/uploads\/2026\/02\/1080-1920-400x225.jpg 400w, https:\/\/klimera.com.tr\/wp-content\/uploads\/2026\/02\/1080-1920-768x432.jpg 768w, https:\/\/klimera.com.tr\/wp-content\/uploads\/2026\/02\/1080-1920-1536x864.jpg 1536w, https:\/\/klimera.com.tr\/wp-content\/uploads\/2026\/02\/1080-1920.jpg 1920w\" sizes=\"auto, (max-width: 1300px) 100vw, 1300px\" \/>\t\t\t\t\t\t\t\t\t\t\t\t\t\t\t<\/div>\n\t\t\t\t<div class=\"elementor-element elementor-element-128ab04 color-scheme-inherit text-left elementor-widget elementor-widget-text-editor\" data-id=\"128ab04\" data-element_type=\"widget\" data-widget_type=\"text-editor.default\">\n\t\t\t\t\t\t\t\t\t<p><b>Neden Klimera \u0130klimlendirme Uzman\u0131?<\/b><\/p><p><span style=\"font-weight: 400;\">Bizim i\u00e7in her proje bir yat\u0131r\u0131md\u0131r ve her yat\u0131r\u0131m g\u00fcven gerektirir. Klimera; b\u00fcnyesindeki uzman sat\u0131\u015f, proje ve montaj ekipleriyle, sadece cihaz sat\u0131\u015f\u0131 de\u011fil, <\/span><b>sat\u0131\u015f \u00f6ncesi do\u011fru projelendirme ve sat\u0131\u015f sonras\u0131 kesintisiz destek<\/b><span style=\"font-weight: 400;\"> hizmeti sunar.<\/span><\/p><p><b>Vizyonumuz;<\/b><span style=\"font-weight: 400;\"> Yurt i\u00e7indeki t\u00fcm yat\u0131r\u0131mc\u0131lara d\u00fcnya standartlar\u0131nda, \u00e7evreci ve y\u00fcksek enerji tasarrufu sa\u011flayan \u00e7\u00f6z\u00fcmler sunarak sekt\u00f6rde yeniliklerin \u00f6nc\u00fcs\u00fc olmakt\u0131r. Ko\u015fulsuz m\u00fc\u015fteri memnuniyeti ilkesiyle, projelerinizi g\u00fcvenle teslim edebilece\u011finiz bir \u00e7\u00f6z\u00fcm orta\u011f\u0131 olmaktan gurur duyuyoruz.<\/span><\/p><p><b>Misyonumuz; <\/b><span style=\"font-weight: 400;\">\u0130leri m\u00fchendislik tekniklerini d\u00fcnya devi markalar\u0131n teknolojileriyle birle\u015ftirerek; bireysel ve kurumsal t\u00fcm ya\u015fam alanlar\u0131 i\u00e7in en verimli, \u00e7evre dostu ve s\u00fcrd\u00fcr\u00fclebilir iklimlendirme \u00e7\u00f6z\u00fcmlerini \u00fcretmek. M\u00fc\u015fterilerimizin ya\u015fam kalitesini art\u0131r\u0131rken, enerji verimlili\u011fini oda\u011f\u0131m\u0131zda tutarak sekt\u00f6re de\u011fer katmak temel sebebimizdir.<\/span><\/p><p><b>Klimera ile her mevsim sizin kontrol\u00fcn\u00fczde.<\/b><\/p>\t\t\t\t\t\t\t\t<\/div>\n\t\t\t\t<\/div>\n\t\t\t\t\t<\/div>\n\t\t\t\t<\/div>\n\t\t<div class=\"wd-negative-gap elementor-element elementor-element-f168c0a e-flex e-con-boxed e-con e-parent\" data-id=\"f168c0a\" data-element_type=\"container\">\n\t\t\t\t\t<div class=\"e-con-inner\">\n\t\t<div class=\"elementor-element elementor-element-5642404 e-con-full e-flex e-con e-child\" data-id=\"5642404\" data-element_type=\"container\">\n\t\t\t\t<div class=\"elementor-element elementor-element-b26f856 elementor-widget elementor-widget-image\" data-id=\"b26f856\" data-element_type=\"widget\" data-widget_type=\"image.default\">\n\t\t\t\t\t\t\t\t\t\t\t\t\t\t\t<img loading=\"lazy\" decoding=\"async\" width=\"1300\" height=\"731\" src=\"https:\/\/klimera.com.tr\/wp-content\/uploads\/2021\/10\/3-1300x731.jpg\" class=\"attachment-large size-large wp-image-29043\" alt=\"\" srcset=\"https:\/\/klimera.com.tr\/wp-content\/uploads\/2021\/10\/3-1300x731.jpg 1300w, https:\/\/klimera.com.tr\/wp-content\/uploads\/2021\/10\/3-400x225.jpg 400w, https:\/\/klimera.com.tr\/wp-content\/uploads\/2021\/10\/3-768x432.jpg 768w, https:\/\/klimera.com.tr\/wp-content\/uploads\/2021\/10\/3-1536x864.jpg 1536w, https:\/\/klimera.com.tr\/wp-content\/uploads\/2021\/10\/3-430x242.jpg 430w, https:\/\/klimera.com.tr\/wp-content\/uploads\/2021\/10\/3-700x394.jpg 700w, https:\/\/klimera.com.tr\/wp-content\/uploads\/2021\/10\/3-150x84.jpg 150w, https:\/\/klimera.com.tr\/wp-content\/uploads\/2021\/10\/3.jpg 1920w\" sizes=\"auto, (max-width: 1300px) 100vw, 1300px\" \/>\t\t\t\t\t\t\t\t\t\t\t\t\t\t\t<\/div>\n\t\t\t\t<div class=\"elementor-element elementor-element-3cc9380 wd-width-100 elementor-widget elementor-widget-wd_title\" data-id=\"3cc9380\" data-element_type=\"widget\" data-widget_type=\"wd_title.default\">\n\t\t\t\t<div class=\"elementor-widget-container\">\n\t\t\t\t\t\t\t<div class=\"title-wrapper wd-set-mb reset-last-child wd-title-color-default wd-title-style-default wd-title-size-default text-left\">\n\n\t\t\t\n\t\t\t<div class=\"liner-continer\">\n\t\t\t\t<h4 class=\"woodmart-title-container title wd-fontsize-l\"> S\u00fcrd\u00fcr\u00fclebilirlik ve Do\u011fa Dostu Yakla\u015f\u0131m<br \/>\n<\/h4> \n\t\t\t\t\t\t\t<\/div>\n\n\t\t\t\t\t<\/div>\n\t\t\t\t\t\t<\/div>\n\t\t\t\t<\/div>\n\t\t\t\t<div class=\"elementor-element elementor-element-6aa2027 elementor-widget elementor-widget-wd_text_block\" data-id=\"6aa2027\" data-element_type=\"widget\" data-widget_type=\"wd_text_block.default\">\n\t\t\t\t<div class=\"elementor-widget-container\">\n\t\t\t\t\t\t\t<div class=\"wd-text-block reset-last-child text-left\">\n\t\t\t\n\t\t\t<p><span style=\"font-weight: 400;\">Klimera olarak sadece havay\u0131 de\u011fil, gelece\u011fi de \u00f6nemsiyoruz. Is\u0131 pompas\u0131 ve y\u00fcksek verimli merkezi sistem \u00e7\u00f6z\u00fcmlerimizle, karbon sal\u0131n\u0131m\u0131n\u0131 minimize ederken enerji tasarrufunu maksimize ediyoruz. \u00c7evreci teknolojiler, i\u015fimizin merkezinde yer al\u0131yor.<\/span><\/p><p><b>Hizmet S\u00fcrecimiz\u00a0<\/b><\/p><ol><li style=\"font-weight: 400;\" aria-level=\"1\"><b>Analiz ve Ke\u015fif:<\/b><span style=\"font-weight: 400;\"> Mekan\u0131n fiziksel \u015fartlar\u0131n\u0131 ve ihtiya\u00e7lar\u0131n\u0131 yerinde inceliyoruz.<\/span><\/li><li style=\"font-weight: 400;\" aria-level=\"1\"><b>M\u00fchendislik ve Projelendirme:<\/b><span style=\"font-weight: 400;\"> En d\u00fc\u015f\u00fck maliyetle en y\u00fcksek verimi alabilece\u011finiz sistemi dijital ortamda tasarl\u0131yoruz.<\/span><\/li><li style=\"font-weight: 400;\" aria-level=\"1\"><b>Profesyonel Kurulum:<\/b><span style=\"font-weight: 400;\"> Uzman ekiplerimizle, zaman\u0131nda ve standartlara uygun montaj ger\u00e7ekle\u015ftiriyoruz.<\/span><\/li><li style=\"font-weight: 400;\" aria-level=\"1\"><b>S\u00fcrekli Destek:<\/b><span style=\"font-weight: 400;\"> Cihazlar\u0131n \u00f6mr\u00fcn\u00fc uzatmak ve performans\u0131n\u0131 korumak i\u00e7in sat\u0131\u015f sonras\u0131 bak\u0131m ve destek sunuyoruz.<\/span><\/li><\/ol>\n\t\t\t\t\t<\/div>\n\t\t\t\t\t\t<\/div>\n\t\t\t\t<\/div>\n\t\t\t\t<\/div>\n\t\t<div class=\"elementor-element elementor-element-b67633c e-con-full e-flex e-con e-child\" data-id=\"b67633c\" data-element_type=\"container\">\n\t\t\t\t<div class=\"elementor-element elementor-element-7ee50ea elementor-widget elementor-widget-image\" data-id=\"7ee50ea\" data-element_type=\"widget\" data-widget_type=\"image.default\">\n\t\t\t\t\t\t\t\t\t\t\t\t\t\t\t<img loading=\"lazy\" decoding=\"async\" width=\"1300\" height=\"731\" src=\"https:\/\/klimera.com.tr\/wp-content\/uploads\/2026\/02\/Dunya-Devleriyle-Guclu-Is-Ortakligi-1300x731.jpg\" class=\"attachment-large size-large wp-image-29260\" alt=\"\" srcset=\"https:\/\/klimera.com.tr\/wp-content\/uploads\/2026\/02\/Dunya-Devleriyle-Guclu-Is-Ortakligi-1300x731.jpg 1300w, https:\/\/klimera.com.tr\/wp-content\/uploads\/2026\/02\/Dunya-Devleriyle-Guclu-Is-Ortakligi-400x225.jpg 400w, https:\/\/klimera.com.tr\/wp-content\/uploads\/2026\/02\/Dunya-Devleriyle-Guclu-Is-Ortakligi-768x432.jpg 768w, https:\/\/klimera.com.tr\/wp-content\/uploads\/2026\/02\/Dunya-Devleriyle-Guclu-Is-Ortakligi-1536x864.jpg 1536w, https:\/\/klimera.com.tr\/wp-content\/uploads\/2026\/02\/Dunya-Devleriyle-Guclu-Is-Ortakligi.jpg 1920w\" sizes=\"auto, (max-width: 1300px) 100vw, 1300px\" \/>\t\t\t\t\t\t\t\t\t\t\t\t\t\t\t<\/div>\n\t\t\t\t<div class=\"elementor-element elementor-element-5fcf642 wd-width-100 elementor-widget elementor-widget-wd_title\" data-id=\"5fcf642\" data-element_type=\"widget\" data-widget_type=\"wd_title.default\">\n\t\t\t\t<div class=\"elementor-widget-container\">\n\t\t\t\t\t\t\t<div class=\"title-wrapper wd-set-mb reset-last-child wd-title-color-default wd-title-style-default wd-title-size-default text-left\">\n\n\t\t\t\n\t\t\t<div class=\"liner-continer\">\n\t\t\t\t<h4 class=\"woodmart-title-container title wd-fontsize-l\">D\u00fcnya Devleriyle G\u00fc\u00e7l\u00fc \u0130\u015f Ortakl\u0131\u011f\u0131<br \/>\n<\/h4> \n\t\t\t\t\t\t\t<\/div>\n\n\t\t\t\t\t<\/div>\n\t\t\t\t\t\t<\/div>\n\t\t\t\t<\/div>\n\t\t\t\t<div class=\"elementor-element elementor-element-ffcd5eb elementor-widget elementor-widget-wd_text_block\" data-id=\"ffcd5eb\" data-element_type=\"widget\" data-widget_type=\"wd_text_block.default\">\n\t\t\t\t<div class=\"elementor-widget-container\">\n\t\t\t\t\t\t\t<div class=\"wd-text-block reset-last-child text-left\">\n\t\t\t\n\t\t\t<p><span style=\"font-weight: 400;\">Sekt\u00f6r\u00fcn global liderleri olan <\/span><b>Daikin Is\u0131tma ve So\u011futma Sistemleri\u2019nin \"Pro Bayisi\"<\/b><span style=\"font-weight: 400;\"> ve <\/span><b>Viessmann Is\u0131 Teknikleri\u2019nin \"Yetkili Bayisi\"<\/b><span style=\"font-weight: 400;\"> olarak, Klimera tecr\u00fcbesiyle m\u00fc\u015fterilerimize en ileri teknolojiyi ula\u015ft\u0131r\u0131yoruz. Geni\u015f \u00fcr\u00fcn gam\u0131m\u0131zla, ya\u015fam alanlar\u0131n\u0131z\u0131n ve ticari i\u015fletmelerinizin t\u00fcm iklimlendirme ihtiya\u00e7lar\u0131n\u0131 tek bir \u00e7at\u0131 alt\u0131nda kar\u015f\u0131l\u0131yoruz.<\/span><\/p><p><b>Her \u00d6l\u00e7ekte Profesyonel \u00c7\u00f6z\u00fcmler<\/b><\/p><p><span style=\"font-weight: 400;\">Klimera olarak, projenin b\u00fcy\u00fckl\u00fc\u011f\u00fc ne olursa olsun ayn\u0131 titizlik ve kalite anlay\u0131\u015f\u0131yla hareket ediyoruz:<\/span><\/p><ul><li style=\"font-weight: 400;\" aria-level=\"1\"><b>Bireysel \u00c7\u00f6z\u00fcmler:<\/b><span style=\"font-weight: 400;\"> Daha serin evler i\u00e7in y\u00fcksek verimli split klimalar; \u0131s\u0131tma ihtiyac\u0131 i\u00e7in modern kombi, kazan ve yenilik\u00e7i \u0131s\u0131 pompas\u0131 sistemleri.<\/span><\/li><li style=\"font-weight: 400;\" aria-level=\"1\"><b>Kurumsal ve End\u00fcstriyel \u00c7\u00f6z\u00fcmler:<\/b><span style=\"font-weight: 400;\"> Villa, ofis, ma\u011faza, otel ve i\u015f merkezleri i\u00e7in de\u011fi\u015fken so\u011futucu ak\u0131\u015fkan debili <\/span><b>VRV \/ VRF sistemleri<\/b><span style=\"font-weight: 400;\">, merkezi iklimlendirme (Chiller, Klima Santrali, Roof-top, Fancoil) ve Is\u0131 Geri Kazan\u0131m cihazlar\u0131.<\/span><\/li><li style=\"font-weight: 400;\" aria-level=\"1\"><b>Hava Kalitesi:<\/b><span style=\"font-weight: 400;\"> Ortamdaki havay\u0131 temizleyerek ya\u015fam standartlar\u0131n\u0131 art\u0131ran taze hava ve havaland\u0131rma \u00e7\u00f6z\u00fcmleri.<\/span><\/li><\/ul>\n\t\t\t\t\t<\/div>\n\t\t\t\t\t\t<\/div>\n\t\t\t\t<\/div>\n\t\t\t\t<\/div>\n\t\t\t\t\t<\/div>\n\t\t\t\t<\/div>\n\t\t\t\t<\/div>\n\t\t","protected":false},"excerpt":{"rendered":"<p>Klimera | Daikin Vrv Klima Gaziantep Biz Kimiz? Klimera, 2013 y\u0131l\u0131nda iklimlendirme sekt\u00f6r\u00fcnde standartlar\u0131 yeniden belirlemek, mekanlara konfor ve verimlilik<\/p>\n","protected":false},"author":1,"featured_media":0,"parent":0,"menu_order":0,"comment_status":"closed","ping_status":"closed","template":"","meta":{"_joinchat":[],"footnotes":""},"class_list":["post-4400","page","type-page","status-publish","hentry"],"_links":{"self":[{"href":"https:\/\/klimera.com.tr\/index.php?rest_route=\/wp\/v2\/pages\/4400","targetHints":{"allow":["GET"]}}],"collection":[{"href":"https:\/\/klimera.com.tr\/index.php?rest_route=\/wp\/v2\/pages"}],"about":[{"href":"https:\/\/klimera.com.tr\/index.php?rest_route=\/wp\/v2\/types\/page"}],"author":[{"embeddable":true,"href":"https:\/\/klimera.com.tr\/index.php?rest_route=\/wp\/v2\/users\/1"}],"replies":[{"embeddable":true,"href":"https:\/\/klimera.com.tr\/index.php?rest_route=%2Fwp%2Fv2%2Fcomments&post=4400"}],"version-history":[{"count":22,"href":"https:\/\/klimera.com.tr\/index.php?rest_route=\/wp\/v2\/pages\/4400\/revisions"}],"predecessor-version":[{"id":29309,"href":"https:\/\/klimera.com.tr\/index.php?rest_route=\/wp\/v2\/pages\/4400\/revisions\/29309"}],"wp:attachment":[{"href":"https:\/\/klimera.com.tr\/index.php?rest_route=%2Fwp%2Fv2%2Fmedia&parent=4400"}],"curies":[{"name":"wp","href":"https:\/\/api.w.org\/{rel}","templated":true}]}}